{"id":40818,"date":"2019-07-29T07:48:58","date_gmt":"2019-07-29T07:48:58","guid":{"rendered":"https:\/\/www.dornier.com\/disfunzione-erettile\/"},"modified":"2026-03-16T04:44:59","modified_gmt":"2026-03-16T04:44:59","slug":"disfunzione-erettile","status":"publish","type":"page","link":"https:\/\/www.dornier.com\/it\/disfunzione-erettile\/","title":{"rendered":"Disfunzione erettile"},"content":{"rendered":"\t\t<div data-elementor-type=\"wp-page\" data-elementor-id=\"40818\" class=\"elementor elementor-40818 elementor-5968\" data-elementor-post-type=\"page\">\n\t\t\t\t\t\t<section class=\"elementor-section elementor-top-section elementor-element elementor-element-da83c77 elementor-section-boxed elementor-section-height-default elementor-section-height-default\" data-id=\"da83c77\" data-element_type=\"section\" data-settings=\"{&quot;jet_parallax_layout_list&quot;:[{&quot;jet_parallax_layout_image&quot;:{&quot;url&quot;:&quot;&quot;,&quot;id&quot;:&quot;&quot;,&quot;size&quot;:&quot;&quot;},&quot;_id&quot;:&quot;9bb4bd2&quot;,&quot;jet_parallax_layout_image_tablet&quot;:{&quot;url&quot;:&quot;&quot;,&quot;id&quot;:&quot;&quot;,&quot;size&quot;:&quot;&quot;},&quot;jet_parallax_layout_image_mobile&quot;:{&quot;url&quot;:&quot;&quot;,&quot;id&quot;:&quot;&quot;,&quot;size&quot;:&quot;&quot;},&quot;jet_parallax_layout_speed&quot;:{&quot;unit&quot;:&quot;%&quot;,&quot;size&quot;:50,&quot;sizes&quot;:[]},&quot;jet_parallax_layout_type&quot;:&quot;scroll&quot;,&quot;jet_parallax_layout_direction&quot;:&quot;1&quot;,&quot;jet_parallax_layout_fx_direction&quot;:null,&quot;jet_parallax_layout_z_index&quot;:&quot;&quot;,&quot;jet_parallax_layout_bg_x&quot;:50,&quot;jet_parallax_layout_bg_x_tablet&quot;:&quot;&quot;,&quot;jet_parallax_layout_bg_x_mobile&quot;:&quot;&quot;,&quot;jet_parallax_layout_bg_y&quot;:50,&quot;jet_parallax_layout_bg_y_tablet&quot;:&quot;&quot;,&quot;jet_parallax_layout_bg_y_mobile&quot;:&quot;&quot;,&quot;jet_parallax_layout_bg_size&quot;:&quot;auto&quot;,&quot;jet_parallax_layout_bg_size_tablet&quot;:&quot;&quot;,&quot;jet_parallax_layout_bg_size_mobile&quot;:&quot;&quot;,&quot;jet_parallax_layout_animation_prop&quot;:&quot;transform&quot;,&quot;jet_parallax_layout_on&quot;:[&quot;desktop&quot;,&quot;tablet&quot;]}],&quot;background_background&quot;:&quot;classic&quot;}\">\n\t\t\t\t\t\t<div class=\"elementor-container elementor-column-gap-default\">\n\t\t\t\t\t<div class=\"elementor-column elementor-col-100 elementor-top-column elementor-element elementor-element-5ef42b0\" data-id=\"5ef42b0\" data-element_type=\"column\">\n\t\t\t<div class=\"elementor-widget-wrap elementor-element-populated\">\n\t\t\t\t\t\t<div class=\"elementor-element elementor-element-1a4c892 elementor-widget elementor-widget-spacer\" data-id=\"1a4c892\" data-element_type=\"widget\" data-widget_type=\"spacer.default\">\n\t\t\t\t<div class=\"elementor-widget-container\">\n\t\t\t\t\t\t\t<div class=\"elementor-spacer\">\n\t\t\t<div class=\"elementor-spacer-inner\"><\/div>\n\t\t<\/div>\n\t\t\t\t\t\t<\/div>\n\t\t\t\t<\/div>\n\t\t\t\t<div class=\"elementor-element elementor-element-96e6c96 elementor-widget elementor-widget-heading\" data-id=\"96e6c96\" data-element_type=\"widget\" data-widget_type=\"heading.default\">\n\t\t\t\t<div class=\"elementor-widget-container\">\n\t\t\t\t\t<h1 class=\"elementor-heading-title elementor-size-default\">Disfunzione erettile<\/h1>\t\t\t\t<\/div>\n\t\t\t\t<\/div>\n\t\t\t\t<div class=\"elementor-element elementor-element-4b71379 elementor-tabs-view-vertical elementor-widget elementor-widget-tabs\" data-id=\"4b71379\" data-element_type=\"widget\" data-widget_type=\"tabs.default\">\n\t\t\t\t<div class=\"elementor-widget-container\">\n\t\t\t\t\t\t\t<div class=\"elementor-tabs\">\n\t\t\t<div class=\"elementor-tabs-wrapper\" role=\"tablist\" >\n\t\t\t\t\t\t\t\t\t<div id=\"elementor-tab-title-7911\" class=\"elementor-tab-title elementor-tab-desktop-title\" aria-selected=\"true\" data-tab=\"1\" role=\"tab\" tabindex=\"0\" aria-controls=\"elementor-tab-content-7911\" aria-expanded=\"false\">Definizione<\/div>\n\t\t\t\t\t\t\t\t\t<div id=\"elementor-tab-title-7912\" class=\"elementor-tab-title elementor-tab-desktop-title\" aria-selected=\"false\" data-tab=\"2\" role=\"tab\" tabindex=\"-1\" aria-controls=\"elementor-tab-content-7912\" aria-expanded=\"false\">Sintomi<\/div>\n\t\t\t\t\t\t\t\t\t<div id=\"elementor-tab-title-7913\" class=\"elementor-tab-title elementor-tab-desktop-title\" aria-selected=\"false\" data-tab=\"3\" role=\"tab\" tabindex=\"-1\" aria-controls=\"elementor-tab-content-7913\" aria-expanded=\"false\">Cause<\/div>\n\t\t\t\t\t\t\t\t\t<div id=\"elementor-tab-title-7914\" class=\"elementor-tab-title elementor-tab-desktop-title\" aria-selected=\"false\" data-tab=\"4\" role=\"tab\" tabindex=\"-1\" aria-controls=\"elementor-tab-content-7914\" aria-expanded=\"false\">Fattori Di Rischio<\/div>\n\t\t\t\t\t\t\t\t\t<div id=\"elementor-tab-title-7915\" class=\"elementor-tab-title elementor-tab-desktop-title\" aria-selected=\"false\" data-tab=\"5\" role=\"tab\" tabindex=\"-1\" aria-controls=\"elementor-tab-content-7915\" aria-expanded=\"false\">Esami<\/div>\n\t\t\t\t\t\t\t\t\t<div id=\"elementor-tab-title-7916\" class=\"elementor-tab-title elementor-tab-desktop-title\" aria-selected=\"false\" data-tab=\"6\" role=\"tab\" tabindex=\"-1\" aria-controls=\"elementor-tab-content-7916\" aria-expanded=\"false\">Diagnosi<\/div>\n\t\t\t\t\t\t\t\t\t<div id=\"elementor-tab-title-7917\" class=\"elementor-tab-title elementor-tab-desktop-title\" aria-selected=\"false\" data-tab=\"7\" role=\"tab\" tabindex=\"-1\" aria-controls=\"elementor-tab-content-7917\" aria-expanded=\"false\">Trattamento E Farmaci<\/div>\n\t\t\t\t\t\t\t<\/div>\n\t\t\t<div class=\"elementor-tabs-content-wrapper\" role=\"tablist\" aria-orientation=\"vertical\">\n\t\t\t\t\t\t\t\t\t<div class=\"elementor-tab-title elementor-tab-mobile-title\" aria-selected=\"true\" data-tab=\"1\" role=\"tab\" tabindex=\"0\" aria-controls=\"elementor-tab-content-7911\" aria-expanded=\"false\">Definizione<\/div>\n\t\t\t\t\t<div id=\"elementor-tab-content-7911\" class=\"elementor-tab-content elementor-clearfix\" data-tab=\"1\" role=\"tabpanel\" aria-labelledby=\"elementor-tab-title-7911\" tabindex=\"0\" hidden=\"false\"><h3>DEFINIZIONE<\/h3>\n<p>La disfunzione erettile, o DE, \u00e8 l\u2019incapacit\u00e0 di raggiungere o mantenere un\u2019erezione sufficiente per un\u2019attivit\u00e0 sessuale soddisfacente. Le cause comprendono l\u2019assunzione di farmaci, malattie croniche, scarso afflusso di sangue al pene, abuso di alcolici o spossatezza.<\/p>\n<\/div>\n\t\t\t\t\t\t\t\t\t<div class=\"elementor-tab-title elementor-tab-mobile-title\" aria-selected=\"false\" data-tab=\"2\" role=\"tab\" tabindex=\"-1\" aria-controls=\"elementor-tab-content-7912\" aria-expanded=\"false\">Sintomi<\/div>\n\t\t\t\t\t<div id=\"elementor-tab-content-7912\" class=\"elementor-tab-content elementor-clearfix\" data-tab=\"2\" role=\"tabpanel\" aria-labelledby=\"elementor-tab-title-7912\" tabindex=\"0\" hidden=\"hidden\"><h3>SINTOMI<\/h3>\n<p>Se voi o il vostro partner non riuscite ad avere o a mantenere un\u2019erezione adeguata per l\u2019attivit\u00e0 sessuale, potreste soffrire di DE.<\/p>\n<\/div>\n\t\t\t\t\t\t\t\t\t<div class=\"elementor-tab-title elementor-tab-mobile-title\" aria-selected=\"false\" data-tab=\"3\" role=\"tab\" tabindex=\"-1\" aria-controls=\"elementor-tab-content-7913\" aria-expanded=\"false\">Cause<\/div>\n\t\t\t\t\t<div id=\"elementor-tab-content-7913\" class=\"elementor-tab-content elementor-clearfix\" data-tab=\"3\" role=\"tabpanel\" aria-labelledby=\"elementor-tab-title-7913\" tabindex=\"0\" hidden=\"hidden\"><h3>CAUSE<\/h3>\n<p>La disfunzione erettile \u00e8 una condizione fisica che pu\u00f2 essere scatenata da problemi medici, mentali o emotivi dell\u2019uomo. Tra le cause possono esserci depressione, abuso di alcolici, assunzione di certi farmaci, stress, ansia, significativo aumento del peso e persino problemi generali di salute o di stile di vita.<\/p>\n<\/div>\n\t\t\t\t\t\t\t\t\t<div class=\"elementor-tab-title elementor-tab-mobile-title\" aria-selected=\"false\" data-tab=\"4\" role=\"tab\" tabindex=\"-1\" aria-controls=\"elementor-tab-content-7914\" aria-expanded=\"false\">Fattori Di Rischio<\/div>\n\t\t\t\t\t<div id=\"elementor-tab-content-7914\" class=\"elementor-tab-content elementor-clearfix\" data-tab=\"4\" role=\"tabpanel\" aria-labelledby=\"elementor-tab-title-7914\" tabindex=\"0\" hidden=\"hidden\"><h3>FATTORI DI RISCHIO<\/h3>\n<p>Lo sapevate che il diabete e l\u2019alta pressione del sangue possono essere correlati alla disfunzione erettile? Molti fattori dello stile di vita e molti problemi di salute possono essere la causa della DE. \u00c8 importante capire la correlazione, poich\u00e9 la gestione del diabete, della pressione del sangue e del peso pu\u00f2 anche salvarvi la vita.<\/p>\n<p>Le difficolt\u00e0 erettili possono essere un primo campanello di allarme di problemi di salute pi\u00f9 gravi, come ad esempio malattie cardiache e diabete. A prescindere dalla causa della DE, il vostro medico pu\u00f2 aiutarvi.<\/p>\n<\/div>\n\t\t\t\t\t\t\t\t\t<div class=\"elementor-tab-title elementor-tab-mobile-title\" aria-selected=\"false\" data-tab=\"5\" role=\"tab\" tabindex=\"-1\" aria-controls=\"elementor-tab-content-7915\" aria-expanded=\"false\">Esami<\/div>\n\t\t\t\t\t<div id=\"elementor-tab-content-7915\" class=\"elementor-tab-content elementor-clearfix\" data-tab=\"5\" role=\"tabpanel\" aria-labelledby=\"elementor-tab-title-7915\" tabindex=\"0\" hidden=\"hidden\"><h3>ESAMI<\/h3>\n<p>Poich\u00e9 esistono tante cause diverse della DE, ci sono vari esami che il medico pu\u00f2 usare per diagnosticare la condizione e determinarne la causa. Prima di prescrivervi un esame, il medico dovr\u00e0 analizzare la vostra anamnesi e sottoporvi a una visita fisica.<\/p>\n<p>Dopo avervi visitato e avervi fatto alcune domande, il medico potr\u00e0 prescrivervi vari esami di controllo, ad esempio un emocromo, un\u2019analisi della glicemia, una verifica della funzionalit\u00e0 epatica e renale, ecc.<\/p>\n<\/div>\n\t\t\t\t\t\t\t\t\t<div class=\"elementor-tab-title elementor-tab-mobile-title\" aria-selected=\"false\" data-tab=\"6\" role=\"tab\" tabindex=\"-1\" aria-controls=\"elementor-tab-content-7916\" aria-expanded=\"false\">Diagnosi<\/div>\n\t\t\t\t\t<div id=\"elementor-tab-content-7916\" class=\"elementor-tab-content elementor-clearfix\" data-tab=\"6\" role=\"tabpanel\" aria-labelledby=\"elementor-tab-title-7916\" tabindex=\"0\" hidden=\"hidden\"><h3>DIAGNOSI<\/h3>\n<p>La vostra DE potrebbe essere causata da un problema temporaneo, come lo stress, l\u2019affaticamento o un rapido aumento del peso. \u00c8 necessario andare dal medico per avere una diagnosi chiara.<\/p>\n<p>Il medico pu\u00f2 invitarvi ad apportare alcune modifiche al vostro stile di vita, ad esempio:<\/p>\n<ul>\n<li>Fare regolare attivit\u00e0 fisica<\/li>\n<li>Perdere peso<\/li>\n<li>Seguire una dieta sana<\/li>\n<\/ul>\n<\/div>\n\t\t\t\t\t\t\t\t\t<div class=\"elementor-tab-title elementor-tab-mobile-title\" aria-selected=\"false\" data-tab=\"7\" role=\"tab\" tabindex=\"-1\" aria-controls=\"elementor-tab-content-7917\" aria-expanded=\"false\">Trattamento E Farmaci<\/div>\n\t\t\t\t\t<div id=\"elementor-tab-content-7917\" class=\"elementor-tab-content elementor-clearfix\" data-tab=\"7\" role=\"tabpanel\" aria-labelledby=\"elementor-tab-title-7917\" tabindex=\"0\" hidden=\"hidden\"><h3>TRATTAMENTO E FARMACI<\/h3>\n<p>Per trattare la DE di solito si usano i farmaci, ma non \u00e8 sempre l\u2019opzione migliore per tutti. Parlate al vostro medico dell\u2019apparecchiatura Aries.*<\/p>\n<p>Per alcuni casi potrebbe essere necessario un intervento chirurgico o persino un impianto, ma sappiate che si tratta dei casi pi\u00f9 gravi di DE.<\/p>\n<p><em>*L\u2019apparecchiatura Aries non \u00e8 approvata per il trattamento negli Stati Uniti<\/em><\/p>\n<\/div>\n\t\t\t\t\t\t\t<\/div>\n\t\t<\/div>\n\t\t\t\t\t\t<\/div>\n\t\t\t\t<\/div>\n\t\t\t\t\t<\/div>\n\t\t<\/div>\n\t\t\t\t\t<\/div>\n\t\t<\/section>\n\t\t\t\t<section class=\"elementor-section elementor-top-section elementor-element elementor-element-2c6217b elementor-section-boxed elementor-section-height-default elementor-section-height-default\" data-id=\"2c6217b\" data-element_type=\"section\" data-settings=\"{&quot;jet_parallax_layout_list&quot;:[{&quot;jet_parallax_layout_image&quot;:{&quot;url&quot;:&quot;&quot;,&quot;id&quot;:&quot;&quot;,&quot;size&quot;:&quot;&quot;},&quot;_id&quot;:&quot;c7e1abe&quot;,&quot;jet_parallax_layout_image_tablet&quot;:{&quot;url&quot;:&quot;&quot;,&quot;id&quot;:&quot;&quot;,&quot;size&quot;:&quot;&quot;},&quot;jet_parallax_layout_image_mobile&quot;:{&quot;url&quot;:&quot;&quot;,&quot;id&quot;:&quot;&quot;,&quot;size&quot;:&quot;&quot;},&quot;jet_parallax_layout_speed&quot;:{&quot;unit&quot;:&quot;%&quot;,&quot;size&quot;:50,&quot;sizes&quot;:[]},&quot;jet_parallax_layout_type&quot;:&quot;scroll&quot;,&quot;jet_parallax_layout_direction&quot;:&quot;1&quot;,&quot;jet_parallax_layout_fx_direction&quot;:null,&quot;jet_parallax_layout_z_index&quot;:&quot;&quot;,&quot;jet_parallax_layout_bg_x&quot;:50,&quot;jet_parallax_layout_bg_x_tablet&quot;:&quot;&quot;,&quot;jet_parallax_layout_bg_x_mobile&quot;:&quot;&quot;,&quot;jet_parallax_layout_bg_y&quot;:50,&quot;jet_parallax_layout_bg_y_tablet&quot;:&quot;&quot;,&quot;jet_parallax_layout_bg_y_mobile&quot;:&quot;&quot;,&quot;jet_parallax_layout_bg_size&quot;:&quot;auto&quot;,&quot;jet_parallax_layout_bg_size_tablet&quot;:&quot;&quot;,&quot;jet_parallax_layout_bg_size_mobile&quot;:&quot;&quot;,&quot;jet_parallax_layout_animation_prop&quot;:&quot;transform&quot;,&quot;jet_parallax_layout_on&quot;:[&quot;desktop&quot;,&quot;tablet&quot;]}]}\">\n\t\t\t\t\t\t<div class=\"elementor-container elementor-column-gap-default\">\n\t\t\t\t\t<div class=\"elementor-column elementor-col-100 elementor-top-column elementor-element elementor-element-317b4c2\" data-id=\"317b4c2\" data-element_type=\"column\">\n\t\t\t<div class=\"elementor-widget-wrap elementor-element-populated\">\n\t\t\t\t\t\t<div class=\"elementor-element elementor-element-f61093d elementor-widget elementor-widget-text-editor\" data-id=\"f61093d\" data-element_type=\"widget\" data-widget_type=\"text-editor.default\">\n\t\t\t\t<div class=\"elementor-widget-container\">\n\t\t\t\t\t\t\t\t\t<table style=\"width: 100%; border-collapse: collapse; background-color: #ededed;\" cellpadding=\"25\">\n<tbody>\n<tr>\n<td style=\"width: 99.8243%;\" width=\"151\">Questo sito web contiene informazioni generali su condizioni mediche e sui relativi trattamenti. Le informazioni non costituiscono una consulenza, n\u00e9 vanno considerate come tale. Se avete domande specifiche su argomenti medici, consultate il vostro medico o il vostro operatore professionale di assistenza sanitaria. Si veda la pagina del disclaimer per tutti i dettagli.<\/td>\n<\/tr>\n<\/tbody>\n<\/table>\n\t\t\t\t\t\t\t\t<\/div>\n\t\t\t\t<\/div>\n\t\t\t\t\t<\/div>\n\t\t<\/div>\n\t\t\t\t\t<\/div>\n\t\t<\/section>\n\t\t\t\t<section class=\"elementor-section elementor-top-section elementor-element elementor-element-ab6b665 elementor-section-boxed elementor-section-height-default elementor-section-height-default\" data-id=\"ab6b665\" data-element_type=\"section\" data-settings=\"{&quot;jet_parallax_layout_list&quot;:[{&quot;jet_parallax_layout_image&quot;:{&quot;url&quot;:&quot;&quot;,&quot;id&quot;:&quot;&quot;,&quot;size&quot;:&quot;&quot;},&quot;_id&quot;:&quot;32bcd5b&quot;,&quot;jet_parallax_layout_image_tablet&quot;:{&quot;url&quot;:&quot;&quot;,&quot;id&quot;:&quot;&quot;,&quot;size&quot;:&quot;&quot;},&quot;jet_parallax_layout_image_mobile&quot;:{&quot;url&quot;:&quot;&quot;,&quot;id&quot;:&quot;&quot;,&quot;size&quot;:&quot;&quot;},&quot;jet_parallax_layout_speed&quot;:{&quot;unit&quot;:&quot;%&quot;,&quot;size&quot;:50,&quot;sizes&quot;:[]},&quot;jet_parallax_layout_type&quot;:&quot;scroll&quot;,&quot;jet_parallax_layout_direction&quot;:&quot;1&quot;,&quot;jet_parallax_layout_fx_direction&quot;:null,&quot;jet_parallax_layout_z_index&quot;:&quot;&quot;,&quot;jet_parallax_layout_bg_x&quot;:50,&quot;jet_parallax_layout_bg_x_tablet&quot;:&quot;&quot;,&quot;jet_parallax_layout_bg_x_mobile&quot;:&quot;&quot;,&quot;jet_parallax_layout_bg_y&quot;:50,&quot;jet_parallax_layout_bg_y_tablet&quot;:&quot;&quot;,&quot;jet_parallax_layout_bg_y_mobile&quot;:&quot;&quot;,&quot;jet_parallax_layout_bg_size&quot;:&quot;auto&quot;,&quot;jet_parallax_layout_bg_size_tablet&quot;:&quot;&quot;,&quot;jet_parallax_layout_bg_size_mobile&quot;:&quot;&quot;,&quot;jet_parallax_layout_animation_prop&quot;:&quot;transform&quot;,&quot;jet_parallax_layout_on&quot;:[&quot;desktop&quot;,&quot;tablet&quot;]}]}\">\n\t\t\t\t\t\t<div class=\"elementor-container elementor-column-gap-default\">\n\t\t\t\t\t<div class=\"elementor-column elementor-col-100 elementor-top-column elementor-element elementor-element-cf545aa\" data-id=\"cf545aa\" data-element_type=\"column\">\n\t\t\t<div class=\"elementor-widget-wrap elementor-element-populated\">\n\t\t\t\t\t\t<div class=\"elementor-element elementor-element-f814e40 elementor-widget elementor-widget-text-editor\" data-id=\"f814e40\" data-element_type=\"widget\" data-widget_type=\"text-editor.default\">\n\t\t\t\t<div class=\"elementor-widget-container\">\n\t\t\t\t\t\t\t\t\t<p>\u00a92026 Dornier MedTech. Tutti i diritti riservati. Il contenuto di questo documento \u00e8 soggetto a modifica senza preavviso. Tutti i contenuti resi disponibili su questa pagina web o tramite questa pagina web sono solo e unicamente a scopo informativo e pertanto non costituiscono dei sostituti, n\u00e9 vanno intesi come tali, di consulenze mediche professionali, diagnosi o trattamenti. Per le vostre esigenze o preoccupazioni specifiche di natura medica e\/o sanitaria, consultate il vostro medico o altro operatore professionale di assistenza sanitaria. Le informazioni in questo materiale divulgativo non sono studiate, n\u00e9 vanno intese, come attivit\u00e0 promozionale o pubblicitaria del\/dei prodotto\/i mostrato\/i e sono fornite &#8220;cos\u00ec come sono&#8221;, senza alcuna garanzia di qualsiasi tipo, n\u00e9 implicita n\u00e9 esplicita, incluse, ma non solo, garanzie implicite di qualit\u00e0 soddisfacente, di idoneit\u00e0 a un particolare scopo e\/o di correttezza.<\/p>\t\t\t\t\t\t\t\t<\/div>\n\t\t\t\t<\/div>\n\t\t\t\t\t<\/div>\n\t\t<\/div>\n\t\t\t\t\t<\/div>\n\t\t<\/section>\n\t\t\t\t<\/div>\n\t\t","protected":false},"excerpt":{"rendered":"<p>Disfunzione erettile Definizione Sintomi Cause Fattori Di Rischio Esami Diagnosi Trattamento E Farmaci Definizione DEFINIZIONE La disfunzione erettile, o DE, \u00e8 l\u2019incapacit\u00e0 di raggiungere o mantenere un\u2019erezione sufficiente per un\u2019attivit\u00e0 sessuale soddisfacente. Le cause comprendono l\u2019assunzione di farmaci, malattie croniche, scarso afflusso di sangue al pene, abuso di alcolici o spossatezza. Sintomi SINTOMI Se voi [&hellip;]<\/p>\n","protected":false},"author":12,"featured_media":0,"parent":0,"menu_order":0,"comment_status":"closed","ping_status":"closed","template":"elementor_header_footer","meta":{"_acf_changed":false,"footnotes":""},"class_list":["post-40818","page","type-page","status-publish","hentry"],"acf":[],"yoast_head":"<!-- This site is optimized with the Yoast SEO plugin v26.5 - https:\/\/yoast.com\/wordpress\/plugins\/seo\/ -->\n<title>Disfunzione erettile &#8212; Dornier MedTech<\/title>\n<meta name=\"description\" content=\"Disfunzione erettile Definizione Sintomi Cause Fattori Di Rischio Esami Diagnosi Trattamento E Farmaci Definizione DEFINIZIONE La disfunzione erettile, o\" \/>\n<meta name=\"robots\" content=\"index, follow, max-snippet:-1, max-image-preview:large, max-video-preview:-1\" \/>\n<link rel=\"canonical\" href=\"https:\/\/www.dornier.com\/erectile-dysfunction\/\" \/>\n<meta property=\"og:locale\" content=\"it_IT\" \/>\n<meta property=\"og:type\" content=\"article\" \/>\n<meta property=\"og:title\" content=\"Disfunzione erettile &#8212; Dornier MedTech\" \/>\n<meta property=\"og:description\" content=\"Disfunzione erettile Definizione Sintomi Cause Fattori Di Rischio Esami Diagnosi Trattamento E Farmaci Definizione DEFINIZIONE La disfunzione erettile, o\" \/>\n<meta property=\"og:url\" content=\"https:\/\/www.dornier.com\/erectile-dysfunction\/\" \/>\n<meta property=\"og:site_name\" content=\"Dornier MedTech\" \/>\n<meta property=\"article:publisher\" content=\"https:\/\/www.facebook.com\/DornierMedTechGmbH\/\" \/>\n<meta property=\"article:modified_time\" content=\"2026-03-16T04:44:59+00:00\" \/>\n<meta name=\"twitter:card\" content=\"summary_large_image\" \/>\n<meta name=\"twitter:site\" content=\"@DornierMedTech\" \/>\n<script type=\"application\/ld+json\" class=\"yoast-schema-graph\">{\"@context\":\"https:\/\/schema.org\",\"@graph\":[{\"@type\":\"WebPage\",\"@id\":\"https:\/\/www.dornier.com\/erectile-dysfunction\/\",\"url\":\"https:\/\/www.dornier.com\/erectile-dysfunction\/\",\"name\":\"Disfunzione erettile &#8212; Dornier MedTech\",\"isPartOf\":{\"@id\":\"https:\/\/www.dornier.com\/#website\"},\"datePublished\":\"2019-07-29T07:48:58+00:00\",\"dateModified\":\"2026-03-16T04:44:59+00:00\",\"description\":\"Disfunzione erettile Definizione Sintomi Cause Fattori Di Rischio Esami Diagnosi Trattamento E Farmaci Definizione DEFINIZIONE La disfunzione erettile, o\",\"breadcrumb\":{\"@id\":\"https:\/\/www.dornier.com\/erectile-dysfunction\/#breadcrumb\"},\"inLanguage\":\"it-IT\",\"potentialAction\":[{\"@type\":\"ReadAction\",\"target\":[\"https:\/\/www.dornier.com\/erectile-dysfunction\/\"]}]},{\"@type\":\"BreadcrumbList\",\"@id\":\"https:\/\/www.dornier.com\/erectile-dysfunction\/#breadcrumb\",\"itemListElement\":[{\"@type\":\"ListItem\",\"position\":1,\"name\":\"Home\",\"item\":\"https:\/\/www.dornier.com\/\"},{\"@type\":\"ListItem\",\"position\":2,\"name\":\"Disfunzione erettile\"}]},{\"@type\":\"WebSite\",\"@id\":\"https:\/\/www.dornier.com\/#website\",\"url\":\"https:\/\/www.dornier.com\/\",\"name\":\"Dornier MedTech\",\"description\":\"Dornier MedTech A Leading Urological Medical Device Company\",\"publisher\":{\"@id\":\"https:\/\/www.dornier.com\/#organization\"},\"potentialAction\":[{\"@type\":\"SearchAction\",\"target\":{\"@type\":\"EntryPoint\",\"urlTemplate\":\"https:\/\/www.dornier.com\/?s={search_term_string}\"},\"query-input\":{\"@type\":\"PropertyValueSpecification\",\"valueRequired\":true,\"valueName\":\"search_term_string\"}}],\"inLanguage\":\"it-IT\"},{\"@type\":\"Organization\",\"@id\":\"https:\/\/www.dornier.com\/#organization\",\"name\":\"Dornier MedTech\",\"url\":\"https:\/\/www.dornier.com\/\",\"logo\":{\"@type\":\"ImageObject\",\"inLanguage\":\"it-IT\",\"@id\":\"https:\/\/www.dornier.com\/#\/schema\/logo\/image\/\",\"url\":\"https:\/\/www.dornier.com\/wp-content\/uploads\/2015\/11\/cropped-Dornier-MedTech-h.png\",\"contentUrl\":\"https:\/\/www.dornier.com\/wp-content\/uploads\/2015\/11\/cropped-Dornier-MedTech-h.png\",\"width\":292,\"height\":77,\"caption\":\"Dornier MedTech\"},\"image\":{\"@id\":\"https:\/\/www.dornier.com\/#\/schema\/logo\/image\/\"},\"sameAs\":[\"https:\/\/www.facebook.com\/DornierMedTechGmbH\/\",\"https:\/\/x.com\/DornierMedTech\",\"https:\/\/www.instagram.com\/dorniermedtech\/\",\"https:\/\/linkedin.com\/company\/dornier-medtech\",\"https:\/\/www.youtube.com\/user\/DornierMedTechVideo\/\"]}]}<\/script>\n<!-- \/ Yoast SEO plugin. -->","yoast_head_json":{"title":"Disfunzione erettile &#8212; Dornier MedTech","description":"Disfunzione erettile Definizione Sintomi Cause Fattori Di Rischio Esami Diagnosi Trattamento E Farmaci Definizione DEFINIZIONE La disfunzione erettile, o","robots":{"index":"index","follow":"follow","max-snippet":"max-snippet:-1","max-image-preview":"max-image-preview:large","max-video-preview":"max-video-preview:-1"},"canonical":"https:\/\/www.dornier.com\/erectile-dysfunction\/","og_locale":"it_IT","og_type":"article","og_title":"Disfunzione erettile &#8212; Dornier MedTech","og_description":"Disfunzione erettile Definizione Sintomi Cause Fattori Di Rischio Esami Diagnosi Trattamento E Farmaci Definizione DEFINIZIONE La disfunzione erettile, o","og_url":"https:\/\/www.dornier.com\/erectile-dysfunction\/","og_site_name":"Dornier MedTech","article_publisher":"https:\/\/www.facebook.com\/DornierMedTechGmbH\/","article_modified_time":"2026-03-16T04:44:59+00:00","twitter_card":"summary_large_image","twitter_site":"@DornierMedTech","schema":{"@context":"https:\/\/schema.org","@graph":[{"@type":"WebPage","@id":"https:\/\/www.dornier.com\/erectile-dysfunction\/","url":"https:\/\/www.dornier.com\/erectile-dysfunction\/","name":"Disfunzione erettile &#8212; Dornier MedTech","isPartOf":{"@id":"https:\/\/www.dornier.com\/#website"},"datePublished":"2019-07-29T07:48:58+00:00","dateModified":"2026-03-16T04:44:59+00:00","description":"Disfunzione erettile Definizione Sintomi Cause Fattori Di Rischio Esami Diagnosi Trattamento E Farmaci Definizione DEFINIZIONE La disfunzione erettile, o","breadcrumb":{"@id":"https:\/\/www.dornier.com\/erectile-dysfunction\/#breadcrumb"},"inLanguage":"it-IT","potentialAction":[{"@type":"ReadAction","target":["https:\/\/www.dornier.com\/erectile-dysfunction\/"]}]},{"@type":"BreadcrumbList","@id":"https:\/\/www.dornier.com\/erectile-dysfunction\/#breadcrumb","itemListElement":[{"@type":"ListItem","position":1,"name":"Home","item":"https:\/\/www.dornier.com\/"},{"@type":"ListItem","position":2,"name":"Disfunzione erettile"}]},{"@type":"WebSite","@id":"https:\/\/www.dornier.com\/#website","url":"https:\/\/www.dornier.com\/","name":"Dornier MedTech","description":"Dornier MedTech A Leading Urological Medical Device Company","publisher":{"@id":"https:\/\/www.dornier.com\/#organization"},"potentialAction":[{"@type":"SearchAction","target":{"@type":"EntryPoint","urlTemplate":"https:\/\/www.dornier.com\/?s={search_term_string}"},"query-input":{"@type":"PropertyValueSpecification","valueRequired":true,"valueName":"search_term_string"}}],"inLanguage":"it-IT"},{"@type":"Organization","@id":"https:\/\/www.dornier.com\/#organization","name":"Dornier MedTech","url":"https:\/\/www.dornier.com\/","logo":{"@type":"ImageObject","inLanguage":"it-IT","@id":"https:\/\/www.dornier.com\/#\/schema\/logo\/image\/","url":"https:\/\/www.dornier.com\/wp-content\/uploads\/2015\/11\/cropped-Dornier-MedTech-h.png","contentUrl":"https:\/\/www.dornier.com\/wp-content\/uploads\/2015\/11\/cropped-Dornier-MedTech-h.png","width":292,"height":77,"caption":"Dornier MedTech"},"image":{"@id":"https:\/\/www.dornier.com\/#\/schema\/logo\/image\/"},"sameAs":["https:\/\/www.facebook.com\/DornierMedTechGmbH\/","https:\/\/x.com\/DornierMedTech","https:\/\/www.instagram.com\/dorniermedtech\/","https:\/\/linkedin.com\/company\/dornier-medtech","https:\/\/www.youtube.com\/user\/DornierMedTechVideo\/"]}]}},"_links":{"self":[{"href":"https:\/\/www.dornier.com\/it\/wp-json\/wp\/v2\/pages\/40818","targetHints":{"allow":["GET"]}}],"collection":[{"href":"https:\/\/www.dornier.com\/it\/wp-json\/wp\/v2\/pages"}],"about":[{"href":"https:\/\/www.dornier.com\/it\/wp-json\/wp\/v2\/types\/page"}],"author":[{"embeddable":true,"href":"https:\/\/www.dornier.com\/it\/wp-json\/wp\/v2\/users\/12"}],"replies":[{"embeddable":true,"href":"https:\/\/www.dornier.com\/it\/wp-json\/wp\/v2\/comments?post=40818"}],"version-history":[{"count":0,"href":"https:\/\/www.dornier.com\/it\/wp-json\/wp\/v2\/pages\/40818\/revisions"}],"wp:attachment":[{"href":"https:\/\/www.dornier.com\/it\/wp-json\/wp\/v2\/media?parent=40818"}],"curies":[{"name":"wp","href":"https:\/\/api.w.org\/{rel}","templated":true}]}}